{"id":35,"date":"2026-05-08T12:00:25","date_gmt":"2026-05-08T12:00:25","guid":{"rendered":"https:\/\/greengof.wuacademy.es\/index.php\/cart-2\/"},"modified":"2026-05-08T12:00:44","modified_gmt":"2026-05-08T12:00:44","slug":"cart-2","status":"publish","type":"page","link":"https:\/\/greengof.wuacademy.es\/index.php\/cart-2\/","title":{"rendered":"Cart"},"content":{"rendered":"\t\t<div data-elementor-type=\"wp-page\" data-elementor-id=\"35\" class=\"elementor elementor-35\" data-elementor-post-type=\"page\">\n\t\t\t\t<div class=\"elementor-element elementor-element-5714582 e-flex e-con-boxed e-con e-parent\" data-id=\"5714582\" data-element_type=\"container\" data-e-type=\"container\" data-settings=\"{&quot;background_background&quot;:&quot;classic&quot;}\">\n\t\t\t\t\t<div class=\"e-con-inner\">\n\t\t<div class=\"elementor-element elementor-element-65d544a e-con-full e-flex e-con e-child\" data-id=\"65d544a\" data-element_type=\"container\" data-e-type=\"container\">\n\t\t\t\t<div class=\"elementor-element elementor-element-d60a9fc elementor-widget elementor-widget-heading\" data-id=\"d60a9fc\" data-element_type=\"widget\" data-e-type=\"widget\" data-widget_type=\"heading.default\">\n\t\t\t\t\t<h2 class=\"elementor-heading-title elementor-size-default\">Bienvenido a Tu Compra Sencilla<\/h2>\t\t\t\t<\/div>\n\t\t\t\t<div class=\"elementor-element elementor-element-11f5f94 elementor-widget elementor-widget-text-editor\" data-id=\"11f5f94\" data-element_type=\"widget\" data-e-type=\"widget\" data-widget_type=\"text-editor.default\">\n\t\t\t\t\t\t\t\t\t<p>Descubre lo f\u00e1cil que es adquirir lo que necesitas.<\/p>\t\t\t\t\t\t\t\t<\/div>\n\t\t\t\t<\/div>\n\t\t\t\t\t<\/div>\n\t\t\t\t<\/div>\n\t\t<div class=\"elementor-element elementor-element-abe7c6d e-flex e-con-boxed e-con e-parent\" data-id=\"abe7c6d\" data-element_type=\"container\" data-e-type=\"container\">\n\t\t\t\t\t<div class=\"e-con-inner\">\n\t\t\t\t<div class=\"elementor-element elementor-element-0974924 elementor-widget elementor-widget-heading\" data-id=\"0974924\" data-element_type=\"widget\" data-e-type=\"widget\" data-widget_type=\"heading.default\">\n\t\t\t\t\t<h2 class=\"elementor-heading-title elementor-size-default\">Carrito de compras<\/h2>\t\t\t\t<\/div>\n\t\t\t\t\t<\/div>\n\t\t\t\t<\/div>\n\t\t\t\t<\/div>\n\t\t","protected":false},"excerpt":{"rendered":"<p>Bienvenido a Tu Compra Sencilla Descubre lo f\u00e1cil que es adquirir lo que necesitas. Carrito de compras Tu carrito est\u00e1 vac\u00edo. Volver a la tienda<\/p>\n","protected":false},"author":1,"featured_media":0,"parent":0,"menu_order":0,"comment_status":"closed","ping_status":"closed","template":"","meta":{"footnotes":""},"class_list":["post-35","page","type-page","status-publish","hentry"],"_links":{"self":[{"href":"https:\/\/greengof.wuacademy.es\/index.php\/wp-json\/wp\/v2\/pages\/35","targetHints":{"allow":["GET"]}}],"collection":[{"href":"https:\/\/greengof.wuacademy.es\/index.php\/wp-json\/wp\/v2\/pages"}],"about":[{"href":"https:\/\/greengof.wuacademy.es\/index.php\/wp-json\/wp\/v2\/types\/page"}],"author":[{"embeddable":true,"href":"https:\/\/greengof.wuacademy.es\/index.php\/wp-json\/wp\/v2\/users\/1"}],"replies":[{"embeddable":true,"href":"https:\/\/greengof.wuacademy.es\/index.php\/wp-json\/wp\/v2\/comments?post=35"}],"version-history":[{"count":1,"href":"https:\/\/greengof.wuacademy.es\/index.php\/wp-json\/wp\/v2\/pages\/35\/revisions"}],"predecessor-version":[{"id":51,"href":"https:\/\/greengof.wuacademy.es\/index.php\/wp-json\/wp\/v2\/pages\/35\/revisions\/51"}],"wp:attachment":[{"href":"https:\/\/greengof.wuacademy.es\/index.php\/wp-json\/wp\/v2\/media?parent=35"}],"curies":[{"name":"wp","href":"https:\/\/api.w.org\/{rel}","templated":true}]}}